{"id":325,"date":"2024-05-08T14:31:46","date_gmt":"2024-05-08T18:31:46","guid":{"rendered":"https:\/\/hillcrestacademy.swlauriersb.vortexdev.com\/services\/student-services\/"},"modified":"2024-05-28T16:43:45","modified_gmt":"2024-05-28T20:43:45","slug":"vie-etudiante","status":"publish","type":"page","link":"https:\/\/hillcrestacademy.swlauriersb.vortexdev.com\/fr\/services\/vie-etudiante\/","title":{"rendered":"Vie \u00e9tudiante"},"content":{"rendered":"\n<h2 class=\"wp-block-heading\">Programmes \u00e0 domicile et \u00e0 l\u2019\u00e9cole\/apr\u00e8s l\u2019\u00e9cole<\/h2>\n\n\n\n<p>Les activit\u00e9s parascolaires de l\u2019Acad\u00e9mie Hillcrest offrent aux \u00e9l\u00e8ves des exp\u00e9riences enrichissantes et une vari\u00e9t\u00e9 de disciplines qui les aideront \u00e0 obtenir une \u00e9ducation compl\u00e8te. Nous sommes fiers d\u2019offrir un large \u00e9ventail d\u2019activit\u00e9s parascolaires telles que des cours de langue, du basketball, du soccer, du hockey en salle, de la cuisine, du yoga, du karat\u00e9, de la zumba, du reptizoo, des dessins anim\u00e9s de Shelltoons, des sciences folles, la certification de gardiennage de la Croix-Rouge et une salle d\u2019\u00e9vasion (la liste est sujette \u00e0 changement). Tous les fonds amass\u00e9s gr\u00e2ce \u00e0 ce programme iront aux enfants par le biais des initiatives HAHSA.<\/p>\n\n\n\n<p><a href=\"https:\/\/hahsa.ca\/\">Visitez HAHSA<\/a><\/p>\n","protected":false},"excerpt":{"rendered":"<p>Programmes \u00e0 domicile et \u00e0 l\u2019\u00e9cole\/apr\u00e8s l\u2019\u00e9cole Les activit\u00e9s parascolaires de l\u2019Acad\u00e9mie Hillcrest offrent aux \u00e9l\u00e8ves des exp\u00e9riences enrichissantes et une vari\u00e9t\u00e9 de disciplines qui les aideront \u00e0 obtenir une \u00e9ducation compl\u00e8te. Nous sommes fiers d\u2019offrir un large \u00e9ventail d\u2019activit\u00e9s parascolaires telles que des cours de langue, du basketball, du soccer, du hockey en salle,&hellip;<\/p>\n","protected":false},"author":1,"featured_media":0,"parent":321,"menu_order":0,"comment_status":"closed","ping_status":"closed","template":"","meta":{"_acf_changed":false,"_relevanssi_hide_post":"","_relevanssi_hide_content":"","_relevanssi_pin_for_all":"","_relevanssi_pin_keywords":"","_relevanssi_unpin_keywords":"","_relevanssi_related_keywords":"","_relevanssi_related_include_ids":"","_relevanssi_related_exclude_ids":"","_relevanssi_related_no_append":"","_relevanssi_related_not_related":"","_relevanssi_related_posts":"","_relevanssi_noindex_reason":"","footnotes":""},"acf":[],"_links":{"self":[{"href":"https:\/\/hillcrestacademy.swlauriersb.vortexdev.com\/fr\/wp-json\/wp\/v2\/pages\/325"}],"collection":[{"href":"https:\/\/hillcrestacademy.swlauriersb.vortexdev.com\/fr\/wp-json\/wp\/v2\/pages"}],"about":[{"href":"https:\/\/hillcrestacademy.swlauriersb.vortexdev.com\/fr\/wp-json\/wp\/v2\/types\/page"}],"author":[{"embeddable":true,"href":"https:\/\/hillcrestacademy.swlauriersb.vortexdev.com\/fr\/wp-json\/wp\/v2\/users\/1"}],"replies":[{"embeddable":true,"href":"https:\/\/hillcrestacademy.swlauriersb.vortexdev.com\/fr\/wp-json\/wp\/v2\/comments?post=325"}],"version-history":[{"count":2,"href":"https:\/\/hillcrestacademy.swlauriersb.vortexdev.com\/fr\/wp-json\/wp\/v2\/pages\/325\/revisions"}],"predecessor-version":[{"id":472,"href":"https:\/\/hillcrestacademy.swlauriersb.vortexdev.com\/fr\/wp-json\/wp\/v2\/pages\/325\/revisions\/472"}],"up":[{"embeddable":true,"href":"https:\/\/hillcrestacademy.swlauriersb.vortexdev.com\/fr\/wp-json\/wp\/v2\/pages\/321"}],"wp:attachment":[{"href":"https:\/\/hillcrestacademy.swlauriersb.vortexdev.com\/fr\/wp-json\/wp\/v2\/media?parent=325"}],"curies":[{"name":"wp","href":"https:\/\/api.w.org\/{rel}","templated":true}]}}