{"id":323,"date":"2024-05-08T14:31:16","date_gmt":"2024-05-08T18:31:16","guid":{"rendered":"https:\/\/hillcrestacademy.swlauriersb.vortexdev.com\/services\/day-care-services\/"},"modified":"2024-05-28T16:43:27","modified_gmt":"2024-05-28T20:43:27","slug":"services-de-garde","status":"publish","type":"page","link":"https:\/\/hillcrestacademy.swlauriersb.vortexdev.com\/fr\/services\/services-de-garde\/","title":{"rendered":"Services de garde"},"content":{"rendered":"\n<p>Notre mission est de fournir un environnement s\u00fbr et stimulant pour les enfants d\u2019\u00e2ge pr\u00e9scolaire et primaire en dehors des heures d\u2019\u00e9cole. Le service de garde vise \u00e0 soutenir les objectifs de notre projet \u00e9ducatif, \u00e0 promouvoir les comp\u00e9tences sociales et nos valeurs scolaires, et \u00e0 contribuer au d\u00e9veloppement global des enfants. Il est accessible pendant les journ\u00e9es p\u00e9dagogiques \u00e0 tous les \u00e9l\u00e8ves inscrits au service de garde de l\u2019Acad\u00e9mie Hillcrest.&nbsp; Veuillez noter que des r\u00e9servations sont requises pour chaque journ\u00e9e p\u00e9dagogique individuelle.&nbsp; En outre, il peut y avoir des co\u00fbts suppl\u00e9mentaires pour des animations sp\u00e9cifiques.&nbsp;<\/p>\n\n\n\n<p>Pour toute question ou inscription, veuillez contacter notre coordonnatrice du service de garde Lella Georgakis&nbsp;: 450-688-3002 x5420<\/p>\n","protected":false},"excerpt":{"rendered":"<p>Notre mission est de fournir un environnement s\u00fbr et stimulant pour les enfants d\u2019\u00e2ge pr\u00e9scolaire et primaire en dehors des heures d\u2019\u00e9cole. Le service de garde vise \u00e0 soutenir les objectifs de notre projet \u00e9ducatif, \u00e0 promouvoir les comp\u00e9tences sociales et nos valeurs scolaires, et \u00e0 contribuer au d\u00e9veloppement global des enfants. Il est accessible&hellip;<\/p>\n","protected":false},"author":1,"featured_media":0,"parent":321,"menu_order":0,"comment_status":"closed","ping_status":"closed","template":"","meta":{"_acf_changed":false,"_relevanssi_hide_post":"","_relevanssi_hide_content":"","_relevanssi_pin_for_all":"","_relevanssi_pin_keywords":"","_relevanssi_unpin_keywords":"","_relevanssi_related_keywords":"","_relevanssi_related_include_ids":"","_relevanssi_related_exclude_ids":"","_relevanssi_related_no_append":"","_relevanssi_related_not_related":"","_relevanssi_related_posts":"","_relevanssi_noindex_reason":"","footnotes":""},"acf":[],"_links":{"self":[{"href":"https:\/\/hillcrestacademy.swlauriersb.vortexdev.com\/fr\/wp-json\/wp\/v2\/pages\/323"}],"collection":[{"href":"https:\/\/hillcrestacademy.swlauriersb.vortexdev.com\/fr\/wp-json\/wp\/v2\/pages"}],"about":[{"href":"https:\/\/hillcrestacademy.swlauriersb.vortexdev.com\/fr\/wp-json\/wp\/v2\/types\/page"}],"author":[{"embeddable":true,"href":"https:\/\/hillcrestacademy.swlauriersb.vortexdev.com\/fr\/wp-json\/wp\/v2\/users\/1"}],"replies":[{"embeddable":true,"href":"https:\/\/hillcrestacademy.swlauriersb.vortexdev.com\/fr\/wp-json\/wp\/v2\/comments?post=323"}],"version-history":[{"count":2,"href":"https:\/\/hillcrestacademy.swlauriersb.vortexdev.com\/fr\/wp-json\/wp\/v2\/pages\/323\/revisions"}],"predecessor-version":[{"id":470,"href":"https:\/\/hillcrestacademy.swlauriersb.vortexdev.com\/fr\/wp-json\/wp\/v2\/pages\/323\/revisions\/470"}],"up":[{"embeddable":true,"href":"https:\/\/hillcrestacademy.swlauriersb.vortexdev.com\/fr\/wp-json\/wp\/v2\/pages\/321"}],"wp:attachment":[{"href":"https:\/\/hillcrestacademy.swlauriersb.vortexdev.com\/fr\/wp-json\/wp\/v2\/media?parent=323"}],"curies":[{"name":"wp","href":"https:\/\/api.w.org\/{rel}","templated":true}]}}