{"id":322,"date":"2024-05-08T14:33:11","date_gmt":"2024-05-08T18:33:11","guid":{"rendered":"https:\/\/hillcrestacademy.swlauriersb.vortexdev.com\/services\/cafeteria\/"},"modified":"2024-05-14T14:51:18","modified_gmt":"2024-05-14T18:51:18","slug":"cafeteria","status":"publish","type":"page","link":"https:\/\/hillcrestacademy.swlauriersb.vortexdev.com\/fr\/services\/cafeteria\/","title":{"rendered":"Caf\u00e9t\u00e9ria"},"content":{"rendered":"\n<h2 class=\"wp-block-heading\">D\u00e9jeuner chaud<\/h2>\n\n\n\n<p>L\u2019Acad\u00e9mie Hillcrest est associ\u00e9e \u00e0 Merenda Catering pour les services de d\u00e9jeuner chaud.<\/p>\n\n\n\n<p><a href=\"https:\/\/www.traiteurmerenda.com\/home.html\">Visitez Merenda Catering<\/a><\/p>\n","protected":false},"excerpt":{"rendered":"<p>D\u00e9jeuner chaud L\u2019Acad\u00e9mie Hillcrest est associ\u00e9e \u00e0 Merenda Catering pour les services de d\u00e9jeuner chaud. Visitez Merenda Catering<\/p>\n","protected":false},"author":1,"featured_media":0,"parent":321,"menu_order":0,"comment_status":"closed","ping_status":"closed","template":"","meta":{"_acf_changed":false,"_relevanssi_hide_post":"","_relevanssi_hide_content":"","_relevanssi_pin_for_all":"","_relevanssi_pin_keywords":"","_relevanssi_unpin_keywords":"","_relevanssi_related_keywords":"","_relevanssi_related_include_ids":"","_relevanssi_related_exclude_ids":"","_relevanssi_related_no_append":"","_relevanssi_related_not_related":"","_relevanssi_related_posts":"","_relevanssi_noindex_reason":"","footnotes":""},"acf":[],"_links":{"self":[{"href":"https:\/\/hillcrestacademy.swlauriersb.vortexdev.com\/fr\/wp-json\/wp\/v2\/pages\/322"}],"collection":[{"href":"https:\/\/hillcrestacademy.swlauriersb.vortexdev.com\/fr\/wp-json\/wp\/v2\/pages"}],"about":[{"href":"https:\/\/hillcrestacademy.swlauriersb.vortexdev.com\/fr\/wp-json\/wp\/v2\/types\/page"}],"author":[{"embeddable":true,"href":"https:\/\/hillcrestacademy.swlauriersb.vortexdev.com\/fr\/wp-json\/wp\/v2\/users\/1"}],"replies":[{"embeddable":true,"href":"https:\/\/hillcrestacademy.swlauriersb.vortexdev.com\/fr\/wp-json\/wp\/v2\/comments?post=322"}],"version-history":[{"count":1,"href":"https:\/\/hillcrestacademy.swlauriersb.vortexdev.com\/fr\/wp-json\/wp\/v2\/pages\/322\/revisions"}],"predecessor-version":[{"id":469,"href":"https:\/\/hillcrestacademy.swlauriersb.vortexdev.com\/fr\/wp-json\/wp\/v2\/pages\/322\/revisions\/469"}],"up":[{"embeddable":true,"href":"https:\/\/hillcrestacademy.swlauriersb.vortexdev.com\/fr\/wp-json\/wp\/v2\/pages\/321"}],"wp:attachment":[{"href":"https:\/\/hillcrestacademy.swlauriersb.vortexdev.com\/fr\/wp-json\/wp\/v2\/media?parent=322"}],"curies":[{"name":"wp","href":"https:\/\/api.w.org\/{rel}","templated":true}]}}