{"id":319,"date":"2024-05-10T16:38:48","date_gmt":"2024-05-10T20:38:48","guid":{"rendered":"https:\/\/hillcrestacademy.swlauriersb.vortexdev.com\/policies\/"},"modified":"2024-05-28T16:42:55","modified_gmt":"2024-05-28T20:42:55","slug":"politiques","status":"publish","type":"page","link":"https:\/\/hillcrestacademy.swlauriersb.vortexdev.com\/fr\/politiques\/","title":{"rendered":"Politiques"},"content":{"rendered":"\n<h2 class=\"wp-block-heading\">Projet \u00e9ducatif<\/h2>\n\n\n\n<div class=\"wp-block-buttons is-layout-flex wp-block-buttons-is-layout-flex\">\n<div class=\"wp-block-button is-style-text-link-pdf\"><a class=\"wp-block-button__link wp-element-button\" href=\"https:\/\/hillcrestacademy.swlauriersb.vortexdev.com\/wp-content\/uploads\/sites\/17\/2024\/05\/HILLCREST_POLICIES_-ed-project-FINAL-FRENCH-2023.pdf\" target=\"_blank\" rel=\"noreferrer noopener\">Ed projet FINAL FRAN\u00c7AIS 2023<i class=\"icon-pdf\"><\/i><\/a><\/div>\n<\/div>\n\n\n\n<h2 class=\"wp-block-heading\">Plan de lutte contre l\u2019intimidation et la violence<\/h2>\n\n\n\n<p>\u00c0 l\u2019Acad\u00e9mie Hillcrest, nous avons un plan de lutte contre l\u2019intimidation et la violence, qui peut \u00eatre consult\u00e9 ci-dessous.\u00a0 Il est revu annuellement et adopt\u00e9 par le Conseil d\u2019\u00e9tablissement de notre \u00e9cole.<\/p>\n\n\n\n<div class=\"wp-block-buttons is-layout-flex wp-block-buttons-is-layout-flex\">\n<div class=\"wp-block-button is-style-text-link-pdf\"><a class=\"wp-block-button__link wp-element-button\" href=\"https:\/\/hillcrestacademy.swlauriersb.vortexdev.com\/wp-content\/uploads\/sites\/17\/2024\/05\/HILLCREST_POLICIES_ABAV_23-24_FRE.pdf\" target=\"_blank\" rel=\"noreferrer noopener\">ABAV_23-24_FRE<i class=\"icon-pdf\"><\/i><\/a><\/div>\n<\/div>\n\n\n\n<h2 class=\"wp-block-heading\">Code vestimentaire<\/h2>\n\n\n\n<p>Notre code vestimentaire joue un r\u00f4le essentiel dans la cr\u00e9ation d\u2019un environnement d\u2019apprentissage sans jugement pour tous les \u00e9l\u00e8ves.<\/p>\n\n\n\n<p>En uniformisant la tenue des \u00e9l\u00e8ves, nous nous assurons que personne n\u2019est jug\u00e9 ou ostracis\u00e9 en fonction de leurs choix vestimentaires. Cette approche favorise l\u2019inclusivit\u00e9 et met tous les \u00e9l\u00e8ves sur un pied d\u2019\u00e9galit\u00e9, leur permettant de se concentrer sur leur \u00e9ducation sans distractions inutiles.<\/p>\n\n\n\n<p>Votre d\u00e9vouement \u00e0 respecter le code vestimentaire a un impact positif sur l\u2019exp\u00e9rience de nos \u00e9l\u00e8ves et contribue \u00e0 favoriser une atmosph\u00e8re confortable et accueillante au sein de notre communaut\u00e9 scolaire. Merci de votre engagement et de votre collaboration continus.<\/p>\n\n\n\n<ul>\n<li>Polo blanc ou bleu clair avec ou sans \u00e9cusson scolaire (manches longues\/courtes)<\/li>\n\n\n\n<li>Pull col roul\u00e9 blanc ou bleu clair<\/li>\n\n\n\n<li>Les chandails \u00e0 capuche port\u00e9s en hiver doivent respecter le code vestimentaire s\u2019ils sont port\u00e9s dans la salle de classe (chandail \u00e0 capuche Hillcrest, chandail \u00e0 capuche bleu marine ou blanc sans logo \u00e0 moins que ce ne soit l\u2019embl\u00e8me Hillcrest).<\/li>\n\n\n\n<li>Pantalon bleu marine, bermuda, tunique ou jupe<\/li>\n\n\n\n<li>Souliers pour l\u2019int\u00e9rieur<strong><em> confortables<\/em> ET<em> chaussures pour l\u2019ext\u00e9rieur (bottes)<\/em><\/strong>&nbsp;<\/li>\n<\/ul>\n\n\n\n<p>Nos uniformes scolaires peuvent \u00eatre achet\u00e9s \u00e0 l\u2019adresse suivante&nbsp;:<strong> https:\/\/www.topmarks.ca\/<\/strong><\/p>\n\n\n\n<h2 class=\"wp-block-heading\">Code de conduite<\/h2>\n\n\n\n<div class=\"wp-block-buttons is-layout-flex wp-block-buttons-is-layout-flex\">\n<div class=\"wp-block-button is-style-text-link-pdf\"><a class=\"wp-block-button__link wp-element-button\" href=\"https:\/\/hillcrestacademy.swlauriersb.vortexdev.com\/wp-content\/uploads\/sites\/17\/2024\/05\/HILLCREST_POLICIES_2023-agenda-rev-1_ENG.pdf\" target=\"_blank\" rel=\"noreferrer noopener\">2023-agenda-rev-1_ENG<i class=\"icon-pdf\"><\/i><\/a><\/div>\n<\/div>\n\n\n\n<h2 class=\"wp-block-heading\">Matrice climatique de l\u2019\u00e9cole L\u2019Acad\u00e9mie Hillcrest<\/h2>\n\n\n\n<div class=\"wp-block-buttons is-layout-flex wp-block-buttons-is-layout-flex\">\n<div class=\"wp-block-button is-style-text-link-pdf\"><a class=\"wp-block-button__link wp-element-button\" href=\"http:\/\/hillcrestacademy.swlauriersb.vortexdev.com\/wp-content\/uploads\/sites\/17\/2024\/05\/HILLCREST_POLICIES_School-climate-matrix-2023_BIL.pdf\" target=\"_blank\" rel=\"noreferrer noopener\">School climate matrix 2023<i class=\"icon-pdf\"><\/i><\/a><\/div>\n<\/div>\n\n\n\n<h2 class=\"wp-block-heading\">Rapport judiciaire D\u00e9claration<\/h2>\n\n\n\n<p>Toute personne qui n\u2019est pas un employ\u00e9 de la Commission scolaire Sir Wilfrid Laurier et qui est pr\u00e9sente r\u00e9guli\u00e8rement \u00e0 l\u2019\u00e9cole pour faire du b\u00e9n\u00e9volat doit remplir une \u00ab\u00a0d\u00e9claration concernant un dossier judiciaire\u00a0\u00bb tous les deux ans.<\/p>\n","protected":false},"excerpt":{"rendered":"<p>Projet \u00e9ducatif Plan de lutte contre l\u2019intimidation et la violence \u00c0 l\u2019Acad\u00e9mie Hillcrest, nous avons un plan de lutte contre l\u2019intimidation et la violence, qui peut \u00eatre consult\u00e9 ci-dessous.\u00a0 Il est revu annuellement et adopt\u00e9 par le Conseil d\u2019\u00e9tablissement de notre \u00e9cole. Code vestimentaire Notre code vestimentaire joue un r\u00f4le essentiel dans la cr\u00e9ation d\u2019un&hellip;<\/p>\n","protected":false},"author":1,"featured_media":0,"parent":0,"menu_order":0,"comment_status":"closed","ping_status":"closed","template":"","meta":{"_acf_changed":false,"_relevanssi_hide_post":"","_relevanssi_hide_content":"","_relevanssi_pin_for_all":"","_relevanssi_pin_keywords":"","_relevanssi_unpin_keywords":"","_relevanssi_related_keywords":"","_relevanssi_related_include_ids":"","_relevanssi_related_exclude_ids":"","_relevanssi_related_no_append":"","_relevanssi_related_not_related":"","_relevanssi_related_posts":"","_relevanssi_noindex_reason":"","footnotes":""},"acf":[],"_links":{"self":[{"href":"https:\/\/hillcrestacademy.swlauriersb.vortexdev.com\/fr\/wp-json\/wp\/v2\/pages\/319"}],"collection":[{"href":"https:\/\/hillcrestacademy.swlauriersb.vortexdev.com\/fr\/wp-json\/wp\/v2\/pages"}],"about":[{"href":"https:\/\/hillcrestacademy.swlauriersb.vortexdev.com\/fr\/wp-json\/wp\/v2\/types\/page"}],"author":[{"embeddable":true,"href":"https:\/\/hillcrestacademy.swlauriersb.vortexdev.com\/fr\/wp-json\/wp\/v2\/users\/1"}],"replies":[{"embeddable":true,"href":"https:\/\/hillcrestacademy.swlauriersb.vortexdev.com\/fr\/wp-json\/wp\/v2\/comments?post=319"}],"version-history":[{"count":3,"href":"https:\/\/hillcrestacademy.swlauriersb.vortexdev.com\/fr\/wp-json\/wp\/v2\/pages\/319\/revisions"}],"predecessor-version":[{"id":467,"href":"https:\/\/hillcrestacademy.swlauriersb.vortexdev.com\/fr\/wp-json\/wp\/v2\/pages\/319\/revisions\/467"}],"wp:attachment":[{"href":"https:\/\/hillcrestacademy.swlauriersb.vortexdev.com\/fr\/wp-json\/wp\/v2\/media?parent=319"}],"curies":[{"name":"wp","href":"https:\/\/api.w.org\/{rel}","templated":true}]}}