{"id":315,"date":"2024-05-08T14:27:26","date_gmt":"2024-05-08T18:27:26","guid":{"rendered":"https:\/\/hillcrestacademy.swlauriersb.vortexdev.com\/parent-information\/ppo-home-school\/"},"modified":"2024-05-28T16:41:40","modified_gmt":"2024-05-28T20:41:40","slug":"hahsa","status":"publish","type":"page","link":"https:\/\/hillcrestacademy.swlauriersb.vortexdev.com\/fr\/informations-pour-les-parents\/hahsa\/","title":{"rendered":"HAHSA"},"content":{"rendered":"\n<p><strong>HAHSA<\/strong>, l\u2019Acad\u00e9mie Hillcrest Home and School Association<a href=\"http:\/\/www.qfhsa.org\/\"><strong>, est un organisme ind\u00e9pendant \u00e0 but non lucratif qui fait partie de la F\u00e9d\u00e9ration qu\u00e9b\u00e9coise de l\u2019accueil et de l\u2019<\/strong><\/a>\u00e9cole (FCEFQ).&nbsp; Nous avons notre propre constitution et r\u00e8glements qui nous r\u00e9gissent et financi\u00e8rement, tous les fonds que nous recueillons sont allou\u00e9s \u00e0 diff\u00e9rentes activit\u00e9s et\/ ou projets scolaires.&nbsp; Nous travaillons avec les enseignants et l\u2019administration pour fournir aux \u00e9l\u00e8ves des programmes enrichissants et des activit\u00e9s en dehors du programme scolaire et du b\u00e2timent avec ce qui est n\u00e9cessaire en recueillant des fonds par le biais de diverses activit\u00e9s de collecte de fonds.&nbsp; Pour plus d\u2019informations sur HAHSA Fundraising, visitez<a href=\"https:\/\/hahsa.ca\/fundraising\/\"><strong> FUNDRAISING<\/strong><\/a>.<\/p>\n\n\n\n<h2 class=\"wp-block-heading\">2023-2024 MEMBRES DU COMIT\u00c9 HAHSA<\/h2>\n\n\n\n<p><strong>MEMBRES DU COMIT\u00c9 EX\u00c9CUTIF<\/strong><\/p>\n\n\n\n<ul>\n<li>Pr\u00e9sident&nbsp;: Rene Neratzas<\/li>\n\n\n\n<li>Vice-pr\u00e9sidente&nbsp;: Danielle Tobin<\/li>\n\n\n\n<li>Tr\u00e9sori\u00e8re&nbsp;: Maria Guglielmino<\/li>\n\n\n\n<li>Directrice de la collecte de fonds et des activit\u00e9s parascolaires&nbsp;: Karen Palassian<\/li>\n\n\n\n<li>Secr\u00e9taire&nbsp;: Catherine Kapogiannatos<\/li>\n\n\n\n<li>Repr\u00e9sentant de la QFSHA&nbsp;: Kelly Krassakopoulos<\/li>\n\n\n\n<li>Directeur de l\u2019association&nbsp;: Patrick Cristofaro<\/li>\n<\/ul>\n\n\n\n<h2 class=\"wp-block-heading\">Pour en savoir plus<\/h2>\n\n\n\n<p>Visitez notre site HAHSA<a href=\"https:\/\/hahsa.ca\/abouthahsa\/\"> ICI<\/a><\/p>\n","protected":false},"excerpt":{"rendered":"<p>HAHSA, l\u2019Acad\u00e9mie Hillcrest Home and School Association, est un organisme ind\u00e9pendant \u00e0 but non lucratif qui fait partie de la F\u00e9d\u00e9ration qu\u00e9b\u00e9coise de l\u2019accueil et de l\u2019\u00e9cole (FCEFQ).&nbsp; Nous avons notre propre constitution et r\u00e8glements qui nous r\u00e9gissent et financi\u00e8rement, tous les fonds que nous recueillons sont allou\u00e9s \u00e0 diff\u00e9rentes activit\u00e9s et\/ ou projets scolaires.&nbsp;&hellip;<\/p>\n","protected":false},"author":1,"featured_media":0,"parent":310,"menu_order":0,"comment_status":"closed","ping_status":"closed","template":"","meta":{"_acf_changed":false,"_relevanssi_hide_post":"","_relevanssi_hide_content":"","_relevanssi_pin_for_all":"","_relevanssi_pin_keywords":"","_relevanssi_unpin_keywords":"","_relevanssi_related_keywords":"","_relevanssi_related_include_ids":"","_relevanssi_related_exclude_ids":"","_relevanssi_related_no_append":"","_relevanssi_related_not_related":"","_relevanssi_related_posts":"","_relevanssi_noindex_reason":"","footnotes":""},"acf":[],"_links":{"self":[{"href":"https:\/\/hillcrestacademy.swlauriersb.vortexdev.com\/fr\/wp-json\/wp\/v2\/pages\/315"}],"collection":[{"href":"https:\/\/hillcrestacademy.swlauriersb.vortexdev.com\/fr\/wp-json\/wp\/v2\/pages"}],"about":[{"href":"https:\/\/hillcrestacademy.swlauriersb.vortexdev.com\/fr\/wp-json\/wp\/v2\/types\/page"}],"author":[{"embeddable":true,"href":"https:\/\/hillcrestacademy.swlauriersb.vortexdev.com\/fr\/wp-json\/wp\/v2\/users\/1"}],"replies":[{"embeddable":true,"href":"https:\/\/hillcrestacademy.swlauriersb.vortexdev.com\/fr\/wp-json\/wp\/v2\/comments?post=315"}],"version-history":[{"count":5,"href":"https:\/\/hillcrestacademy.swlauriersb.vortexdev.com\/fr\/wp-json\/wp\/v2\/pages\/315\/revisions"}],"predecessor-version":[{"id":462,"href":"https:\/\/hillcrestacademy.swlauriersb.vortexdev.com\/fr\/wp-json\/wp\/v2\/pages\/315\/revisions\/462"}],"up":[{"embeddable":true,"href":"https:\/\/hillcrestacademy.swlauriersb.vortexdev.com\/fr\/wp-json\/wp\/v2\/pages\/310"}],"wp:attachment":[{"href":"https:\/\/hillcrestacademy.swlauriersb.vortexdev.com\/fr\/wp-json\/wp\/v2\/media?parent=315"}],"curies":[{"name":"wp","href":"https:\/\/api.w.org\/{rel}","templated":true}]}}