{"id":314,"date":"2024-05-08T14:27:05","date_gmt":"2024-05-08T18:27:05","guid":{"rendered":"https:\/\/hillcrestacademy.swlauriersb.vortexdev.com\/parent-information\/parent-resources\/"},"modified":"2024-05-28T16:41:46","modified_gmt":"2024-05-28T20:41:46","slug":"ressources-pour-les-parents","status":"publish","type":"page","link":"https:\/\/hillcrestacademy.swlauriersb.vortexdev.com\/fr\/informations-pour-les-parents\/ressources-pour-les-parents\/","title":{"rendered":"Ressources pour les parents"},"content":{"rendered":"\n<h2 class=\"wp-block-heading\">Ressources p\u00e9dagogiques<\/h2>\n\n\n\n<p>Vous trouverez ci-dessous des liens vers divers sites Web et organisations qui pourraient vous aider, vous et votre famille.<\/p>\n\n\n\n<p><a href=\"https:\/\/www.swlauriersb.qc.ca\/en\/\">Commission scolaire Sir Wilfrid Laurier<\/a>&nbsp;<\/p>\n\n\n\n<p><a href=\"https:\/\/learnquebec.ca\/\">Apprendre le Qu\u00e9bec&nbsp;: tutorat en ligne gratuit pour les \u00e9l\u00e8ves<\/a>&nbsp;<\/p>\n\n\n\n<p><a href=\"https:\/\/www.starfall.com\/h\/\">Starfall<\/a>&nbsp;: site d\u2019alphab\u00e9tisation et de math\u00e9matiques pour les premiers lecteurs&nbsp;<\/p>\n\n\n\n<p>Programme d\u2019\u00e9ducation du Qu\u00e9bec<a href=\"https:\/\/www.education.gouv.qc.ca\/en\/teachers\/quebec-education-program\/preschool\/\"> maternelles 4 ans et maternelles 5 ans<\/a><\/p>\n\n\n\n<p>Programme d\u2019\u00e9ducation du Qu\u00e9bec<a href=\"https:\/\/www.education.gouv.qc.ca\/en\/teachers\/quebec-education-program\/elementary\/\">&nbsp; de la 1re \u00e0 la 6e ann\u00e9e<\/a><\/p>\n\n\n\n<p><a href=\"https:\/\/cemc2.math.uwaterloo.ca\/mathfrog\/\">MathFrog<\/a><\/p>\n\n\n\n<p><a href=\"https:\/\/www.solitaireparadise.com\/games_list\/math-magician.html\">MathMagician<\/a>&nbsp;<\/p>\n\n\n\n<p><a href=\"https:\/\/www.mathplayground.com\/games.htm\">Math Playground<\/a><\/p>\n\n\n\n<p><a href=\"https:\/\/www.factmonster.com\/math\/flashcards\">Math Flashcards<\/a><\/p>\n\n\n\n<p><a href=\"https:\/\/www.coolmath4kids.com\/\">Cool Math<\/a><\/p>\n\n\n\n<p><a href=\"https:\/\/nces.ed.gov\/nceskids\/graphing\/Classic\/\">Cr\u00e9er un graphique<\/a><\/p>\n\n\n\n<p><a href=\"https:\/\/www.education.gouv.qc.ca\/en\/teachers\/quebec-education-program\">Progressions de l\u2019apprentissage<\/a><\/p>\n\n\n\n<h2 class=\"wp-block-heading\">Lignes d\u2019assistance et sites Web<\/h2>\n\n\n\n<p><a href=\"https:\/\/kidshealth.org\/\">Sant\u00e9 des enfants Une source fiable d\u2019information et de conseils sur la sant\u00e9 des enfants<br><\/a>et les questions parentales.<\/p>\n\n\n\n<p><a href=\"http:\/\/www.qc.211.ca\/en\/\">211<br><\/a>Liste de tous les services par province et r\u00e9gion.&nbsp; Information sur les services communautaires, publics et parapublics.<\/p>\n\n\n\n<p><a href=\"https:\/\/www.quebec.ca\/en\/health\/finding-a-resource\/info-social-811\/\">811<br><\/a>Line 1:info-sant\u00e9Line 2&nbsp;: info social<\/p>\n\n\n\n<p>Pour toute r\u00e9f\u00e9rence sur les services et ressources sanitaires et psychosociaux par r\u00e9gion<br><br><a href=\"https:\/\/jeunessejecoute.ca\/\">Jeunesse&nbsp;&nbsp; J\u2019\u00e9coute (fran\u00e7ais)Jeunesse,<br><\/a><a href=\"https:\/\/kidshelpphone.ca\/?_ga=2.89428251.1450625661.1582062153-724306258.1571320495\">J\u2019\u00e9coute (anglais)1-800-668-6868 (t\u00e9l\u00e9phone)<br><\/a>Textez CONNEXION \u00e0 la ressource confidentielle 686868A 24 heures sur 24, 7 jours sur 7 pour les jeunes qui cherchent de l\u2019information ou du soutien sur des sujets personnels comme la famille, la sant\u00e9, la sexualit\u00e9, les relations et plus encore.<br><br><a href=\"https:\/\/www.ligneparents.com\/LigneParents\">Tel Jeunes (Parents)<br><\/a>1-800-361-5085 (parents)<br>There is also a helpline for parents<\/p>\n\n\n\n<p><a href=\"https:\/\/www.banquesalimentaires.org\/en\/\">Banques alimentaires du Qu\u00e9bec Information sur les banques alimentaires de toutes les r\u00e9gions du Qu\u00e9bec<\/a><\/p>\n","protected":false},"excerpt":{"rendered":"<p>Ressources p\u00e9dagogiques Vous trouverez ci-dessous des liens vers divers sites Web et organisations qui pourraient vous aider, vous et votre famille. Commission scolaire Sir Wilfrid Laurier&nbsp; Apprendre le Qu\u00e9bec&nbsp;: tutorat en ligne gratuit pour les \u00e9l\u00e8ves&nbsp; Starfall&nbsp;: site d\u2019alphab\u00e9tisation et de math\u00e9matiques pour les premiers lecteurs&nbsp; Programme d\u2019\u00e9ducation du Qu\u00e9bec maternelles 4 ans et maternelles&hellip;<\/p>\n","protected":false},"author":1,"featured_media":0,"parent":310,"menu_order":0,"comment_status":"closed","ping_status":"closed","template":"","meta":{"_acf_changed":false,"_relevanssi_hide_post":"","_relevanssi_hide_content":"","_relevanssi_pin_for_all":"","_relevanssi_pin_keywords":"","_relevanssi_unpin_keywords":"","_relevanssi_related_keywords":"","_relevanssi_related_include_ids":"","_relevanssi_related_exclude_ids":"","_relevanssi_related_no_append":"","_relevanssi_related_not_related":"","_relevanssi_related_posts":"","_relevanssi_noindex_reason":"","footnotes":""},"acf":[],"_links":{"self":[{"href":"https:\/\/hillcrestacademy.swlauriersb.vortexdev.com\/fr\/wp-json\/wp\/v2\/pages\/314"}],"collection":[{"href":"https:\/\/hillcrestacademy.swlauriersb.vortexdev.com\/fr\/wp-json\/wp\/v2\/pages"}],"about":[{"href":"https:\/\/hillcrestacademy.swlauriersb.vortexdev.com\/fr\/wp-json\/wp\/v2\/types\/page"}],"author":[{"embeddable":true,"href":"https:\/\/hillcrestacademy.swlauriersb.vortexdev.com\/fr\/wp-json\/wp\/v2\/users\/1"}],"replies":[{"embeddable":true,"href":"https:\/\/hillcrestacademy.swlauriersb.vortexdev.com\/fr\/wp-json\/wp\/v2\/comments?post=314"}],"version-history":[{"count":2,"href":"https:\/\/hillcrestacademy.swlauriersb.vortexdev.com\/fr\/wp-json\/wp\/v2\/pages\/314\/revisions"}],"predecessor-version":[{"id":459,"href":"https:\/\/hillcrestacademy.swlauriersb.vortexdev.com\/fr\/wp-json\/wp\/v2\/pages\/314\/revisions\/459"}],"up":[{"embeddable":true,"href":"https:\/\/hillcrestacademy.swlauriersb.vortexdev.com\/fr\/wp-json\/wp\/v2\/pages\/310"}],"wp:attachment":[{"href":"https:\/\/hillcrestacademy.swlauriersb.vortexdev.com\/fr\/wp-json\/wp\/v2\/media?parent=314"}],"curies":[{"name":"wp","href":"https:\/\/api.w.org\/{rel}","templated":true}]}}