{"id":311,"date":"2024-05-08T14:28:15","date_gmt":"2024-05-08T18:28:15","guid":{"rendered":"https:\/\/hillcrestacademy.swlauriersb.vortexdev.com\/parent-information\/activities\/"},"modified":"2024-05-28T16:41:09","modified_gmt":"2024-05-28T20:41:09","slug":"activites","status":"publish","type":"page","link":"https:\/\/hillcrestacademy.swlauriersb.vortexdev.com\/fr\/informations-pour-les-parents\/activites\/","title":{"rendered":"Activit\u00e9s"},"content":{"rendered":"\n<h2 class=\"wp-block-heading\">Un r\u00e9sum\u00e9<\/h2>\n\n\n\n<p>Nous proposons un large \u00e9ventail d\u2019activit\u00e9s parascolaires facilit\u00e9es par notre personnel enseignant et HAHSA (l\u2019Acad\u00e9mie Hillcrest Home and School Association).\u00a0 180 \u00e9l\u00e8ves (39%) participent aux activit\u00e9s parascolaires organis\u00e9es par HAHSA.\u00a0<\/p>\n\n\n\n<figure class=\"wp-block-table\"><table><tbody><tr><td><em>Grecque<\/em><\/td><td><em>Leadership au terrain de jeu<\/em><\/td><\/tr><tr><td><em>Cuisine<\/em><\/td><td><em>Kinball<\/em><\/td><\/tr><tr><td><em>Fusion Sports<\/em><\/td><td><em>Jeu scolaire<\/em><\/td><\/tr><tr><td><em>Football<\/em><\/td><td><em>Club de peinture<\/em><\/td><\/tr><tr><td><em>Basket-ball<\/em><\/td><td><em>Captain Squad<\/em><\/td><\/tr><tr><td><em>Danse<\/em><\/td><td><em>Club de ski<\/em><\/td><\/tr><tr><td><em>Hockey<\/em><\/td><td><em>Ligue sportive<\/em><\/td><\/tr><tr><td><em>Ski de fond<\/em><\/td><td><em>House Band<\/em><\/td><\/tr><tr><td><em>Club de lecture<\/em><em>\u00c9mission de vari\u00e9t\u00e9s<\/em><\/td><td><em>Flutenvol<\/em><\/td><\/tr><\/tbody><\/table><\/figure>\n\n\n\n<h2 class=\"wp-block-heading\">Activit\u00e9s apr\u00e8s l\u2019\u00e9cole<\/h2>\n\n\n\n<p>Les activit\u00e9s parascolaires de HAHSA offrent aux \u00e9l\u00e8ves des exp\u00e9riences enrichissantes et une vari\u00e9t\u00e9 de disciplines qui les aideront \u00e0 obtenir une \u00e9ducation bien \u00e9quilibr\u00e9e. Nous sommes fiers d\u2019offrir diverses activit\u00e9s parascolaires telles que des cours de langue, des sports de fusion, le football, le basketball, la cuisine, la danse, la robotique, les \u00e9checs, la science folle, Reptizoo et Cartooning de Shelltoons. Tous les fonds amass\u00e9s gr\u00e2ce \u00e0 ce programme seront revers\u00e9s aux \u00e9l\u00e8ves et \u00e0 l\u2019\u00e9cole par le biais des initiatives HAHSA.<\/p>\n\n\n\n<p>Cliquez <a href=\"https:\/\/hahsa.ca\/afterschool\/\">ICI<\/a> pour en savoir plus<\/p>\n","protected":false},"excerpt":{"rendered":"<p>Un r\u00e9sum\u00e9 Nous proposons un large \u00e9ventail d\u2019activit\u00e9s parascolaires facilit\u00e9es par notre personnel enseignant et HAHSA (l\u2019Acad\u00e9mie Hillcrest Home and School Association).\u00a0 180 \u00e9l\u00e8ves (39%) participent aux activit\u00e9s parascolaires organis\u00e9es par HAHSA.\u00a0 Grecque Leadership au terrain de jeu Cuisine Kinball Fusion Sports Jeu scolaire Football Club de peinture Basket-ball Captain Squad Danse Club de ski&hellip;<\/p>\n","protected":false},"author":1,"featured_media":0,"parent":310,"menu_order":0,"comment_status":"closed","ping_status":"closed","template":"","meta":{"_acf_changed":false,"_relevanssi_hide_post":"","_relevanssi_hide_content":"","_relevanssi_pin_for_all":"","_relevanssi_pin_keywords":"","_relevanssi_unpin_keywords":"","_relevanssi_related_keywords":"","_relevanssi_related_include_ids":"","_relevanssi_related_exclude_ids":"","_relevanssi_related_no_append":"","_relevanssi_related_not_related":"","_relevanssi_related_posts":"","_relevanssi_noindex_reason":"","footnotes":""},"acf":[],"_links":{"self":[{"href":"https:\/\/hillcrestacademy.swlauriersb.vortexdev.com\/fr\/wp-json\/wp\/v2\/pages\/311"}],"collection":[{"href":"https:\/\/hillcrestacademy.swlauriersb.vortexdev.com\/fr\/wp-json\/wp\/v2\/pages"}],"about":[{"href":"https:\/\/hillcrestacademy.swlauriersb.vortexdev.com\/fr\/wp-json\/wp\/v2\/types\/page"}],"author":[{"embeddable":true,"href":"https:\/\/hillcrestacademy.swlauriersb.vortexdev.com\/fr\/wp-json\/wp\/v2\/users\/1"}],"replies":[{"embeddable":true,"href":"https:\/\/hillcrestacademy.swlauriersb.vortexdev.com\/fr\/wp-json\/wp\/v2\/comments?post=311"}],"version-history":[{"count":3,"href":"https:\/\/hillcrestacademy.swlauriersb.vortexdev.com\/fr\/wp-json\/wp\/v2\/pages\/311\/revisions"}],"predecessor-version":[{"id":455,"href":"https:\/\/hillcrestacademy.swlauriersb.vortexdev.com\/fr\/wp-json\/wp\/v2\/pages\/311\/revisions\/455"}],"up":[{"embeddable":true,"href":"https:\/\/hillcrestacademy.swlauriersb.vortexdev.com\/fr\/wp-json\/wp\/v2\/pages\/310"}],"wp:attachment":[{"href":"https:\/\/hillcrestacademy.swlauriersb.vortexdev.com\/fr\/wp-json\/wp\/v2\/media?parent=311"}],"curies":[{"name":"wp","href":"https:\/\/api.w.org\/{rel}","templated":true}]}}