{"id":310,"date":"2024-05-08T14:26:26","date_gmt":"2024-05-08T18:26:26","guid":{"rendered":"https:\/\/hillcrestacademy.swlauriersb.vortexdev.com\/parent-information\/"},"modified":"2024-05-28T16:41:02","modified_gmt":"2024-05-28T20:41:02","slug":"informations-pour-les-parents","status":"publish","type":"page","link":"https:\/\/hillcrestacademy.swlauriersb.vortexdev.com\/fr\/informations-pour-les-parents\/","title":{"rendered":"Informations pour les parents"},"content":{"rendered":"\n<div class=\"wp-block-buttons is-layout-flex wp-block-buttons-is-layout-flex\">\n<div class=\"wp-block-button\"><a class=\"wp-block-button__link wp-element-button\" href=\"https:\/\/portailparents.ca\/accueil\/fr\/\" target=\"_blank\" rel=\"noreferrer noopener\">Portail Parents Mozaic<i class=\"icon-arrow-left\"><\/i><\/a><\/div>\n<\/div>\n\n\n\n<p>Comment acc\u00e9der au relev\u00e9 de compte<\/p>\n\n\n\n<p>Comment acc\u00e9der aux bulletins<\/p>\n\n\n\n<h2 class=\"wp-block-heading\"><a href=\"https:\/\/www.banquesalimentaires.org\/en\/\"><br><\/a><\/h2>\n","protected":false},"excerpt":{"rendered":"<p>Comment acc\u00e9der au relev\u00e9 de compte Comment acc\u00e9der aux bulletins<\/p>\n","protected":false},"author":1,"featured_media":0,"parent":0,"menu_order":0,"comment_status":"closed","ping_status":"closed","template":"","meta":{"_acf_changed":false,"_relevanssi_hide_post":"","_relevanssi_hide_content":"","_relevanssi_pin_for_all":"","_relevanssi_pin_keywords":"","_relevanssi_unpin_keywords":"","_relevanssi_related_keywords":"","_relevanssi_related_include_ids":"","_relevanssi_related_exclude_ids":"","_relevanssi_related_no_append":"","_relevanssi_related_not_related":"","_relevanssi_related_posts":"","_relevanssi_noindex_reason":"","footnotes":""},"acf":[],"_links":{"self":[{"href":"https:\/\/hillcrestacademy.swlauriersb.vortexdev.com\/fr\/wp-json\/wp\/v2\/pages\/310"}],"collection":[{"href":"https:\/\/hillcrestacademy.swlauriersb.vortexdev.com\/fr\/wp-json\/wp\/v2\/pages"}],"about":[{"href":"https:\/\/hillcrestacademy.swlauriersb.vortexdev.com\/fr\/wp-json\/wp\/v2\/types\/page"}],"author":[{"embeddable":true,"href":"https:\/\/hillcrestacademy.swlauriersb.vortexdev.com\/fr\/wp-json\/wp\/v2\/users\/1"}],"replies":[{"embeddable":true,"href":"https:\/\/hillcrestacademy.swlauriersb.vortexdev.com\/fr\/wp-json\/wp\/v2\/comments?post=310"}],"version-history":[{"count":5,"href":"https:\/\/hillcrestacademy.swlauriersb.vortexdev.com\/fr\/wp-json\/wp\/v2\/pages\/310\/revisions"}],"predecessor-version":[{"id":461,"href":"https:\/\/hillcrestacademy.swlauriersb.vortexdev.com\/fr\/wp-json\/wp\/v2\/pages\/310\/revisions\/461"}],"wp:attachment":[{"href":"https:\/\/hillcrestacademy.swlauriersb.vortexdev.com\/fr\/wp-json\/wp\/v2\/media?parent=310"}],"curies":[{"name":"wp","href":"https:\/\/api.w.org\/{rel}","templated":true}]}}