{"id":308,"date":"2024-05-08T14:26:06","date_gmt":"2024-05-08T18:26:06","guid":{"rendered":"https:\/\/hillcrestacademy.swlauriersb.vortexdev.com\/our-school-about-us\/registration\/"},"modified":"2024-05-28T16:41:58","modified_gmt":"2024-05-28T20:41:58","slug":"inscription","status":"publish","type":"page","link":"https:\/\/hillcrestacademy.swlauriersb.vortexdev.com\/fr\/notre-ecole-a-propos-de-nous\/inscription\/","title":{"rendered":"Inscription"},"content":{"rendered":"\n<h2 class=\"wp-block-heading\">Inscription pour les nouveaux \u00e9l\u00e8ves<\/h2>\n\n\n\n<p>Si vous faites partie du bassin d\u2019alimentation pour l\u2019Acad\u00e9mie Hillcrest, votre enfant aura acc\u00e8s aux services de transport fournis par la Commission scolaire Sir Wilfrid Laurier.<\/p>\n\n\n\n<p>Cependant, si vous ne faites pas partie du bassin d\u2019alimentation de l\u2019Acad\u00e9mie Hillcrest mais que vous souhaitez que votre enfant fr\u00e9quente notre \u00e9cole, veuillez noter que vous devez d\u2019abord inscrire votre enfant \u00e0 votre \u00e9cole de quartier. Apr\u00e8s l\u2019inscription, vous pouvez ensuite demander un transfert hors zone \u00e0 l\u2019acad\u00e9mie Hillcrest.<\/p>\n\n\n\n<p>Il est important de mentionner que si vous n\u2019\u00eates pas zon\u00e9 pour l\u2019acad\u00e9mie Hillcrest, vous devrez organiser le transport vers et depuis l\u2019\u00e9cole pour votre enfant.<\/p>\n\n\n\n<p>Si vous avez d\u2019autres questions ou avez besoin d\u2019aide pour le processus d\u2019inscription, n\u2019h\u00e9sitez pas \u00e0 communiquer avec notre secr\u00e9taire de l\u2019\u00e9cole&nbsp;: Sandie Szaniszlo au (450) 688-3002 poste 5415 ou par courriel<\/p>\n\n\n\n<h2 class=\"wp-block-heading\">Documents requis pour l\u2019enregistrement<\/h2>\n\n\n\n<ul>\n<li>La version longue originale du certificat de naissance de l\u2019enfant portant le nom des parents<\/li>\n\n\n\n<li>Une preuve de la citoyennet\u00e9 canadienne des parents<\/li>\n\n\n\n<li>Deux preuves de r\u00e9sidence au Qu\u00e9bec (p. ex., re\u00e7u d\u2019imp\u00f4t, facture de services publics, etc.)<\/li>\n\n\n\n<li>Dernier bulletin scolaire de l\u2019enfant s\u2019il a fr\u00e9quent\u00e9 une \u00e9cole l\u2019ann\u00e9e pr\u00e9c\u00e9dente<\/li>\n\n\n\n<li>La demande de certificat d\u2019admissibilit\u00e9 \u00e0 l\u2019\u00e9ducation en anglais sera remplie \u00e0 l\u2019\u00e9cole pendant votre rendez-vous<\/li>\n\n\n\n<li>Certaines \u00e9coles peuvent exiger d\u2019autres documents<\/li>\n<\/ul>\n\n\n\n<p>Pour s\u2019inscrire \u00e0 la maternelle 4 ans, votre enfant doit \u00eatre \u00e2g\u00e9 de 4 ans au plus tard le 30&nbsp;septembre. Pour s\u2019inscrire \u00e0 la maternelle 5 ans, votre enfant doit \u00eatre \u00e2g\u00e9 de 5 ans au plus tard le 30&nbsp;septembre.<\/p>\n\n\n\n<div class=\"wp-block-buttons is-layout-flex wp-block-buttons-is-layout-flex\">\n<div class=\"wp-block-button\"><a class=\"wp-block-button__link wp-element-button\" href=\"https:\/\/www1.swlauriersb.qc.ca\/GeobusInternet\/Pages\/anonyme\/Parents\/page.fr.aspx\" target=\"_blank\" rel=\"noreferrer noopener\">Pour quelle \u00e9cole suis-je zon\u00e9 ?<i class=\"icon-arrow-left\"><\/i><\/a><\/div>\n<\/div>\n","protected":false},"excerpt":{"rendered":"<p>Inscription pour les nouveaux \u00e9l\u00e8ves Si vous faites partie du bassin d\u2019alimentation pour l\u2019Acad\u00e9mie Hillcrest, votre enfant aura acc\u00e8s aux services de transport fournis par la Commission scolaire Sir Wilfrid Laurier. Cependant, si vous ne faites pas partie du bassin d\u2019alimentation de l\u2019Acad\u00e9mie Hillcrest mais que vous souhaitez que votre enfant fr\u00e9quente notre \u00e9cole, veuillez&hellip;<\/p>\n","protected":false},"author":1,"featured_media":0,"parent":306,"menu_order":0,"comment_status":"closed","ping_status":"closed","template":"","meta":{"_acf_changed":false,"_relevanssi_hide_post":"","_relevanssi_hide_content":"","_relevanssi_pin_for_all":"","_relevanssi_pin_keywords":"","_relevanssi_unpin_keywords":"","_relevanssi_related_keywords":"","_relevanssi_related_include_ids":"","_relevanssi_related_exclude_ids":"","_relevanssi_related_no_append":"","_relevanssi_related_not_related":"","_relevanssi_related_posts":"","_relevanssi_noindex_reason":"","footnotes":""},"acf":[],"_links":{"self":[{"href":"https:\/\/hillcrestacademy.swlauriersb.vortexdev.com\/fr\/wp-json\/wp\/v2\/pages\/308"}],"collection":[{"href":"https:\/\/hillcrestacademy.swlauriersb.vortexdev.com\/fr\/wp-json\/wp\/v2\/pages"}],"about":[{"href":"https:\/\/hillcrestacademy.swlauriersb.vortexdev.com\/fr\/wp-json\/wp\/v2\/types\/page"}],"author":[{"embeddable":true,"href":"https:\/\/hillcrestacademy.swlauriersb.vortexdev.com\/fr\/wp-json\/wp\/v2\/users\/1"}],"replies":[{"embeddable":true,"href":"https:\/\/hillcrestacademy.swlauriersb.vortexdev.com\/fr\/wp-json\/wp\/v2\/comments?post=308"}],"version-history":[{"count":5,"href":"https:\/\/hillcrestacademy.swlauriersb.vortexdev.com\/fr\/wp-json\/wp\/v2\/pages\/308\/revisions"}],"predecessor-version":[{"id":451,"href":"https:\/\/hillcrestacademy.swlauriersb.vortexdev.com\/fr\/wp-json\/wp\/v2\/pages\/308\/revisions\/451"}],"up":[{"embeddable":true,"href":"https:\/\/hillcrestacademy.swlauriersb.vortexdev.com\/fr\/wp-json\/wp\/v2\/pages\/306"}],"wp:attachment":[{"href":"https:\/\/hillcrestacademy.swlauriersb.vortexdev.com\/fr\/wp-json\/wp\/v2\/media?parent=308"}],"curies":[{"name":"wp","href":"https:\/\/api.w.org\/{rel}","templated":true}]}}