{"id":307,"date":"2024-05-08T14:21:24","date_gmt":"2024-05-08T18:21:24","guid":{"rendered":"https:\/\/hillcrestacademy.swlauriersb.vortexdev.com\/our-school-about-us\/principals-message\/"},"modified":"2024-05-28T16:42:05","modified_gmt":"2024-05-28T20:42:05","slug":"message-de-la-direction","status":"publish","type":"page","link":"https:\/\/hillcrestacademy.swlauriersb.vortexdev.com\/fr\/notre-ecole-a-propos-de-nous\/message-de-la-direction\/","title":{"rendered":"Message de la direction"},"content":{"rendered":"\n<p>Bienvenue sur le site de l\u2019\u00e9cole de l\u2019Acad\u00e9mie Hillcrest!&nbsp; Nous sommes ravis que vous et vos enfants fassiez partie de notre communaut\u00e9 scolaire.&nbsp; Notre objectif est de fournir les meilleures exp\u00e9riences d\u2019apprentissage possibles \u00e0 vos enfants et d\u2019assurer leur croissance et leur succ\u00e8s.<\/p>\n\n\n\n<p>\u00c0 l\u2019Acad\u00e9mie Hillcrest, nous nous concentrons sur&nbsp;:<\/p>\n\n\n\n<ul>\n<li>Offrir un programme bilingue \u00e9quilibr\u00e9 et vari\u00e9 avec des attentes acad\u00e9miques \u00e9lev\u00e9es.<\/li>\n\n\n\n<li>Fournir un environnement d\u2019apprentissage stimulant qui valorise le respect, la responsabilit\u00e9, la pers\u00e9v\u00e9rance et la gentillesse.<\/li>\n\n\n\n<li>Inculquer la responsabilit\u00e9 et les comp\u00e9tences d\u2019apprentissage tout au long de la vie \u00e0 nos \u00e9l\u00e8ves.<\/li>\n\n\n\n<li>Cr\u00e9er un climat scolaire s\u00fbr et confiant qui favorise l\u2019identit\u00e9 unique de chaque \u00e9l\u00e8ve.<\/li>\n\n\n\n<li>Construire une culture scolaire relationnelle gr\u00e2ce \u00e0 la mise en \u0153uvre de pratiques significatives, conscientes et positives qui cultivent des relations saines et fournissent des conseils pragmatiques pour comprendre et g\u00e9rer les conflits.<\/li>\n<\/ul>\n\n\n\n<p>Notre personnel d\u00e9vou\u00e9 travaille en collaboration pour am\u00e9liorer l\u2019apprentissage de tous les \u00e9l\u00e8ves gr\u00e2ce \u00e0 des programmes d\u2019\u00e9tudes, \u00e0 la collecte de donn\u00e9es et \u00e0 l\u2019\u00e9valuation harmonis\u00e9s.<\/p>\n\n\n\n<p>Nous croyons que les parents sont des partenaires essentiels dans le parcours \u00e9ducatif de leur enfant. Nous appr\u00e9cions le soutien que vous apportez \u00e0 la maison et \u00e0 l\u2019\u00e9cole pour aider votre enfant \u00e0 atteindre ses objectifs d\u2019apprentissage.<\/p>\n\n\n\n<p>N\u2019h\u00e9sitez pas \u00e0 communiquer avec nous pour toute question ou pr\u00e9occupation concernant notre \u00e9cole et ses programmes et politiques. Nous sommes l\u00e0 pour vous!<\/p>\n\n\n\n<p>Merci de vous associer \u00e0 nous pour l\u2019\u00e9ducation de votre enfant.<\/p>\n\n\n\n<div class=\"wp-block-columns is-layout-flex wp-container-core-columns-is-layout-1 wp-block-columns-is-layout-flex\">\n<div class=\"wp-block-column is-layout-flow wp-block-column-is-layout-flow\">\n<p><strong>Mme Marchitello<\/strong><br>Directrice<\/p>\n<\/div>\n\n\n\n<div class=\"wp-block-column is-layout-flow wp-block-column-is-layout-flow\">\n<p><strong>Mme Gosselin<\/strong><br>Directrice adjointe<\/p>\n<\/div>\n\n\n\n<div class=\"wp-block-column is-layout-flow wp-block-column-is-layout-flow\"><\/div>\n<\/div>\n","protected":false},"excerpt":{"rendered":"<p>Bienvenue sur le site de l\u2019\u00e9cole de l\u2019Acad\u00e9mie Hillcrest!&nbsp; Nous sommes ravis que vous et vos enfants fassiez partie de notre communaut\u00e9 scolaire.&nbsp; Notre objectif est de fournir les meilleures exp\u00e9riences d\u2019apprentissage possibles \u00e0 vos enfants et d\u2019assurer leur croissance et leur succ\u00e8s. \u00c0 l\u2019Acad\u00e9mie Hillcrest, nous nous concentrons sur&nbsp;: Notre personnel d\u00e9vou\u00e9 travaille en&hellip;<\/p>\n","protected":false},"author":1,"featured_media":0,"parent":306,"menu_order":0,"comment_status":"closed","ping_status":"closed","template":"","meta":{"_acf_changed":false,"_relevanssi_hide_post":"","_relevanssi_hide_content":"","_relevanssi_pin_for_all":"","_relevanssi_pin_keywords":"","_relevanssi_unpin_keywords":"","_relevanssi_related_keywords":"","_relevanssi_related_include_ids":"","_relevanssi_related_exclude_ids":"","_relevanssi_related_no_append":"","_relevanssi_related_not_related":"","_relevanssi_related_posts":"","_relevanssi_noindex_reason":"","footnotes":""},"acf":[],"_links":{"self":[{"href":"https:\/\/hillcrestacademy.swlauriersb.vortexdev.com\/fr\/wp-json\/wp\/v2\/pages\/307"}],"collection":[{"href":"https:\/\/hillcrestacademy.swlauriersb.vortexdev.com\/fr\/wp-json\/wp\/v2\/pages"}],"about":[{"href":"https:\/\/hillcrestacademy.swlauriersb.vortexdev.com\/fr\/wp-json\/wp\/v2\/types\/page"}],"author":[{"embeddable":true,"href":"https:\/\/hillcrestacademy.swlauriersb.vortexdev.com\/fr\/wp-json\/wp\/v2\/users\/1"}],"replies":[{"embeddable":true,"href":"https:\/\/hillcrestacademy.swlauriersb.vortexdev.com\/fr\/wp-json\/wp\/v2\/comments?post=307"}],"version-history":[{"count":3,"href":"https:\/\/hillcrestacademy.swlauriersb.vortexdev.com\/fr\/wp-json\/wp\/v2\/pages\/307\/revisions"}],"predecessor-version":[{"id":450,"href":"https:\/\/hillcrestacademy.swlauriersb.vortexdev.com\/fr\/wp-json\/wp\/v2\/pages\/307\/revisions\/450"}],"up":[{"embeddable":true,"href":"https:\/\/hillcrestacademy.swlauriersb.vortexdev.com\/fr\/wp-json\/wp\/v2\/pages\/306"}],"wp:attachment":[{"href":"https:\/\/hillcrestacademy.swlauriersb.vortexdev.com\/fr\/wp-json\/wp\/v2\/media?parent=307"}],"curies":[{"name":"wp","href":"https:\/\/api.w.org\/{rel}","templated":true}]}}