{"id":306,"date":"2024-05-08T14:20:59","date_gmt":"2024-05-08T18:20:59","guid":{"rendered":"https:\/\/hillcrestacademy.swlauriersb.vortexdev.com\/our-school-about-us\/"},"modified":"2024-05-28T16:41:52","modified_gmt":"2024-05-28T20:41:52","slug":"notre-ecole-a-propos-de-nous","status":"publish","type":"page","link":"https:\/\/hillcrestacademy.swlauriersb.vortexdev.com\/fr\/notre-ecole-a-propos-de-nous\/","title":{"rendered":"Notre \u00e9cole \/ \u00e0 propos de nous"},"content":{"rendered":"\n<h2 class=\"wp-block-heading\">\u00c0 quoi ressemble l\u2019enseignement \u00e0 l\u2019Acad\u00e9mie Hillcrest ?<\/h2>\n\n\n\n<p>Le personnel de l\u2019Acad\u00e9mie Hillcrest a des attentes \u00e9lev\u00e9es pour tous les \u00e9l\u00e8ves, tant sur le plan acad\u00e9mique que comportemental.\u00a0 Un enseignement et un apprentissage de qualit\u00e9 sont tr\u00e8s importants pour nous. Nous collaborons en \u00e9quipe o\u00f9 nous mod\u00e9lisons des habitudes positives pour nos \u00e9l\u00e8ves \u00e0 l\u2019int\u00e9rieur et \u00e0 l\u2019ext\u00e9rieur de la salle de classe.\u00a0 Nous croyons qu\u2019il faut s\u2019entraider pour \u00eatre les meilleurs mod\u00e8les possibles. Nous favorisons une culture scolaire positive et bienveillante o\u00f9 nous accordons la priorit\u00e9 aux \u00e9l\u00e8ves.\u00a0 Nous sommes engag\u00e9s dans des activit\u00e9s parascolaires et appr\u00e9cions nos partenariats avec les parents et la communaut\u00e9.\u00a0 Nous offrons un programme bilingue unique dans lequel les \u00e9l\u00e8ves sont immerg\u00e9s dans des mati\u00e8res enseign\u00e9es en anglais pendant une semaine pour basculer vers un enseignement en fran\u00e7ais pendant l\u2019autre semaine. Les valeurs de l\u2019Acad\u00e9mie Hillcrest comprennent le respect, la responsabilit\u00e9, la pers\u00e9v\u00e9rance et la gentillesse.\u00a0<\/p>\n\n\n\n<h2 class=\"wp-block-heading\">Notre \u00e9cole et communaut\u00e9<\/h2>\n\n\n\n<p>L\u2019Acad\u00e9mie Hillcrest est une \u00e9cole de niveaux pr\u00e9scolaires \u00e0 la 6e ann\u00e9e qui s\u2019engage \u00e0 assurer la r\u00e9ussite scolaire et le bien-\u00eatre \u00e9motif de nos \u00e9l\u00e8ves.\u00a0 Desservant les secteurs de Western Chomedey, du sud de Ste. Doroth\u00e9e, de Laval-sur-le-Lac ainsi que les \u00e9l\u00e8ves hors zone, l\u2019acad\u00e9mie Hillcrest est situ\u00e9 au 265 Bladen \u00e0 Chomedey Laval.<\/p>\n\n\n\n<h2 class=\"wp-block-heading\">B\u00e2timent<\/h2>\n\n\n\n<p>Notre b\u00e2timent a fait l\u2019objet de nombreuses r\u00e9novations au cours des cinq derni\u00e8res ann\u00e9es\u00a0: nouvelles fen\u00eatres, climatisation et bureaux r\u00e9nov\u00e9s pour les secr\u00e9taires, l\u2019administration, les professionnels de l\u2019\u00e9ducation, les techniciens sp\u00e9cialis\u00e9s et les enseignants-ressources.\u00a0 Nous avons agrandi notre stationnement pour accueillir le personnel et les parents.\u00a0<\/p>\n\n\n\n<h2 class=\"wp-block-heading\">Notre \u00e9tablissement d\u2019enseignement<\/h2>\n\n\n\n<p>Alors que nous nous dirigeons vers une initiative technologique individuelle dans les deuxi\u00e8mes et troisi\u00e8mes cycles, de nombreuses classes sont \u00e9quip\u00e9es de Chromebooks ou d\u2019iPad.\u00a0 Le premier cycle b\u00e9n\u00e9ficie des iPad dans les paniers mobiles et les kits robotiques.\u00a0 Toutes nos classes sont \u00e9quip\u00e9es de la technologie SMART et du syst\u00e8me d\u2019amplification vocale.\u00a0 Les \u00e9l\u00e8ves ont acc\u00e8s \u00e0 des si\u00e8ges flexibles et \u00e0 des outils multisensoriels lorsque n\u00e9cessaire.\u00a0 Nous sommes \u00e9galement \u00e9quip\u00e9s d\u2019une salle multisensorielle et de la technologie n\u00e9cessaire \u00e0 la visioconf\u00e9rence.\u00a0\u00a0\u00a0\u00a0<\/p>\n\n\n\n<p>Une grande partie de notre travail a \u00e9t\u00e9 consacr\u00e9e \u00e0 l\u2019\u00e9ducation en plein air et \u00e0 la n\u00e9cessit\u00e9 de sortir de l\u2019environnement de classe traditionnel.&nbsp; Nous avons trois espaces ext\u00e9rieurs distincts. Notre cour principale comprend deux grands terrains de soccer, une salle de classe ext\u00e9rieure, deux grandes structures de jeu, un terrain de basketball et une aire de jeu pav\u00e9e. Notre jardin d\u2019enfants comprend plusieurs petites structures de jeux et des \u00e9quipements de plein air. Notre cour pr\u00e9scolaire comprend une grande structure de jeu et une zone ombrag\u00e9e et herbeuse pour les \u00e9l\u00e8ves.<\/p>\n\n\n\n<h2 class=\"wp-block-heading\">\u00c9l\u00e8ves<\/h2>\n\n\n\n<p>Nous sommes fiers de notre engagement envers l\u2019inclusion. L\u2019acad\u00e9mie Hillcrest offre aux \u00e9l\u00e8ves des activit\u00e9s d\u2019apprentissage dans un environnement positif et enrichissant.\u00a0 En 2023-2024, la population de l\u2019Acad\u00e9mie Hillcrest comprend 53 \u00e9l\u00e8ves suivant un plan d\u2019\u00e9ducation individualis\u00e9 et 14 \u00e9l\u00e8ves avec un code MEQ EHDAA.\u00a0<\/p>\n\n\n\n<h2 class=\"wp-block-heading\">Personnel<\/h2>\n\n\n\n<p>Notre personnel d\u00e9vou\u00e9 et qualifi\u00e9 comprend une directrice, une directrice adjointe et 32 enseignants\u00a0: 27 enseignants, un professeur de musique, deux instructeurs d\u2019\u00e9ducation physique \u00e0 temps plein, un \u00e0 temps partiel et deux enseignants ressources. 25 enseignants sont permanents, ce qui indique un taux \u00e9lev\u00e9 de stabilit\u00e9.\u00a0 Nous employons une secr\u00e9taire d\u2019\u00e9cole \u00e0 temps plein et un agent de bureau \u00e0 temps partiel.\u00a0 Notre biblioth\u00e8que est dot\u00e9e d\u2019un technicien de biblioth\u00e8que \u00e0 temps plein.\u00a0 Nous b\u00e9n\u00e9ficions de deux gardiens \u00e0 temps plein (un jour\/un soir).\u00a0 Nous avons \u00e9galement un technicien sp\u00e9cialis\u00e9 \u00e0 temps plein qui fournit aux enfants un soutien individuel et en petit groupe pour leurs besoins \u00e9motionnels et comportementaux.\u00a0<\/p>\n\n\n\n<p>Nous avons neuf pr\u00e9pos\u00e9s \u00e0 temps partiel qui soutiennent nos \u00e9l\u00e8ves ayant des besoins particuliers. Le soutien et les conseils qu\u2019ils fournissent donnent aux \u00e9l\u00e8ves la structure dont ils ont besoin pour r\u00e9ussir davantage.<\/p>\n\n\n\n<p>Le technicien du service de garde, nos 4 \u00e9ducateurs de la garderie et 21 superviseurs de l\u2019heure du d\u00eener compl\u00e8tent l\u2019\u00e9quipe de l\u2019\u00e9cole. D\u2019autres professionnels sont disponibles aupr\u00e8s de la commission scolaire pour consultation au besoin, comme une orthophoniste, un ergoth\u00e9rapeute, un psychologue, un conseiller en besoins sp\u00e9ciaux, des conseillers p\u00e9dagogiques et des conseillers en climat scolaire. Le personnel enseignant est particuli\u00e8rement impliqu\u00e9 dans les programmes scolaires et communautaires. Le personnel organise des activit\u00e9s parascolaires \u00e0 l\u2019\u00e9cole presqu\u2019\u00e0 tous les jours pendant le d\u00eener et occasionnellement pendant les journ\u00e9es p\u00e9dagogiques. Le personnel enseignant dirige et participe \u00e9galement \u00e0 de nombreux comit\u00e9s tels que le comit\u00e9 de direction, le conseil d\u2019administration, la lutte contre la violence et l\u2019intimidation, le comit\u00e9 social et le conseil des enseignants, pour n\u2019en nommer que quelques-uns.&nbsp;<\/p>\n\n\n\n<p>Nous offrons un large \u00e9ventail d\u2019activit\u00e9s parascolaires facilit\u00e9es par notre personnel enseignant et HAHSA (L\u2019Acad\u00e9mie Hillcrest Home and School Association). 180 \u00e9l\u00e8ves (39%) participent aux activit\u00e9s parascolaires organis\u00e9es par HAHSA.<\/p>\n\n\n\n<figure class=\"wp-block-table\"><table><tbody><tr><td><em>Grecque<\/em><\/td><td><em>Leadership au terrain de jeu<\/em><\/td><\/tr><tr><td><em>Cuisine<\/em><\/td><td><em>Kinball<\/em><\/td><\/tr><tr><td><em>Fusion Sports<\/em><\/td><td><em>Jeu scolaire<\/em><\/td><\/tr><tr><td><em>Football<\/em><\/td><td><em>Club de peinture<\/em><\/td><\/tr><tr><td><em>Basket-ball<\/em><\/td><td><em>Captain Squad<\/em><\/td><\/tr><tr><td><em>Danser<\/em><\/td><td><em>Club de ski<\/em><\/td><\/tr><tr><td><em>Hockey<\/em><\/td><td><em>Ligue sportive<\/em><\/td><\/tr><tr><td><em>Ski de fond<\/em><\/td><td><em>House Band<\/em><\/td><\/tr><tr><td><em>Club de lecture<\/em><em>\u00c9mission de vari\u00e9t\u00e9s<\/em><\/td><td><em>Flutenvol<\/em><\/td><\/tr><\/tbody><\/table><\/figure>\n\n\n\n<h2 class=\"wp-block-heading\">Familles et communaut\u00e9s<\/h2>\n\n\n\n<p>L\u2019acad\u00e9mie Hillcrest b\u00e9n\u00e9ficie d\u2019un conseil d\u2019administration actif, ainsi que d\u2019un foyer et d\u2019une \u00e9cole (HAHSA);\u00a0 les deux participent \u00e0 de nombreux aspects de la vie scolaire, y compris l\u2019\u00e9laboration de politiques, le b\u00e9n\u00e9volat et la collecte de fonds.\u00a0 Nos parents\/tuteurs ont recueilli des fonds pour diff\u00e9rents projets scolaires tels qu\u2019une salle de classe ext\u00e9rieure, de l\u2019\u00e9quipement de terrain de jeu, de la technologie, des unit\u00e9s de climatisation, des \u00e9v\u00e9nements communautaires et scolaires, et pour soutenir l\u2019achat de mat\u00e9riel scolaire.\u00a0 Leur soutien fait partie int\u00e9grante de la r\u00e9ussite de l\u2019\u00e9cole.\u00a0<\/p>\n\n\n\n<h2 class=\"wp-block-heading\">Partenariats<\/h2>\n\n\n\n<p>L\u2019Acad\u00e9mie Hillcrest travaille avec une vari\u00e9t\u00e9 de services externes qui soutiennent les besoins \u00e9ducatifs et sociaux\/ \u00e9motionnels de nos \u00e9l\u00e8ves.\u00a0 Nous b\u00e9n\u00e9ficions d\u2019un travailleur social sur place du CIUSS de Laval qui visite l\u2019\u00e9cole sur une base hebdomadaire.\u00a0 Le travailleur social est disponible pour travailler avec les enseignants, les \u00e9l\u00e8ves et les familles afin d\u2019am\u00e9liorer le bien-\u00eatre individuel et collectif.\u00a0 Nous travaillons en \u00e9troite collaboration avec le groupe Mouvement de promotion de Laval, qui aide les enseignants \u00e0 donner aux \u00e9l\u00e8ves l\u2019occasion d\u2019apprendre en jouant \u00e0 l\u2019ext\u00e9rieur.\u00a0\u00a0<\/p>\n\n\n\n<h2 class=\"wp-block-heading\">Approches de l\u2019apprentissage<\/h2>\n\n\n\n<p>Le programme d\u2019\u00e9tudes suit le programme prescrit par le minist\u00e8re de l\u2019\u00c9ducation et est bas\u00e9 sur un mod\u00e8le bilingue.\u00a0 Les \u00e9l\u00e8ves du pr\u00e9scolaire et de la premi\u00e8re \u00e0 la sixi\u00e8me ann\u00e9e passent une semaine en immersion dans des mati\u00e8res francophones et une semaine en immersion dans des mati\u00e8res anglophones.\u00a0 La maternelle offre un programme d\u2019\u00e9tudes de 80\u00a0% en fran\u00e7ais et de 20\u00a0% en anglais.<\/p>\n","protected":false},"excerpt":{"rendered":"<p>\u00c0 quoi ressemble l\u2019enseignement \u00e0 l\u2019Acad\u00e9mie Hillcrest ? Le personnel de l\u2019Acad\u00e9mie Hillcrest a des attentes \u00e9lev\u00e9es pour tous les \u00e9l\u00e8ves, tant sur le plan acad\u00e9mique que comportemental.\u00a0 Un enseignement et un apprentissage de qualit\u00e9 sont tr\u00e8s importants pour nous. Nous collaborons en \u00e9quipe o\u00f9 nous mod\u00e9lisons des habitudes positives pour nos \u00e9l\u00e8ves \u00e0 l\u2019int\u00e9rieur&hellip;<\/p>\n","protected":false},"author":1,"featured_media":0,"parent":0,"menu_order":0,"comment_status":"closed","ping_status":"closed","template":"","meta":{"_acf_changed":false,"_relevanssi_hide_post":"","_relevanssi_hide_content":"","_relevanssi_pin_for_all":"","_relevanssi_pin_keywords":"","_relevanssi_unpin_keywords":"","_relevanssi_related_keywords":"","_relevanssi_related_include_ids":"","_relevanssi_related_exclude_ids":"","_relevanssi_related_no_append":"","_relevanssi_related_not_related":"","_relevanssi_related_posts":"","_relevanssi_noindex_reason":"","footnotes":""},"acf":[],"_links":{"self":[{"href":"https:\/\/hillcrestacademy.swlauriersb.vortexdev.com\/fr\/wp-json\/wp\/v2\/pages\/306"}],"collection":[{"href":"https:\/\/hillcrestacademy.swlauriersb.vortexdev.com\/fr\/wp-json\/wp\/v2\/pages"}],"about":[{"href":"https:\/\/hillcrestacademy.swlauriersb.vortexdev.com\/fr\/wp-json\/wp\/v2\/types\/page"}],"author":[{"embeddable":true,"href":"https:\/\/hillcrestacademy.swlauriersb.vortexdev.com\/fr\/wp-json\/wp\/v2\/users\/1"}],"replies":[{"embeddable":true,"href":"https:\/\/hillcrestacademy.swlauriersb.vortexdev.com\/fr\/wp-json\/wp\/v2\/comments?post=306"}],"version-history":[{"count":2,"href":"https:\/\/hillcrestacademy.swlauriersb.vortexdev.com\/fr\/wp-json\/wp\/v2\/pages\/306\/revisions"}],"predecessor-version":[{"id":449,"href":"https:\/\/hillcrestacademy.swlauriersb.vortexdev.com\/fr\/wp-json\/wp\/v2\/pages\/306\/revisions\/449"}],"wp:attachment":[{"href":"https:\/\/hillcrestacademy.swlauriersb.vortexdev.com\/fr\/wp-json\/wp\/v2\/media?parent=306"}],"curies":[{"name":"wp","href":"https:\/\/api.w.org\/{rel}","templated":true}]}}