{"id":302,"date":"2024-05-10T16:38:28","date_gmt":"2024-05-10T20:38:28","guid":{"rendered":"https:\/\/hillcrestacademy.swlauriersb.vortexdev.com\/governance\/"},"modified":"2024-05-28T16:40:56","modified_gmt":"2024-05-28T20:40:56","slug":"gouvernance","status":"publish","type":"page","link":"https:\/\/hillcrestacademy.swlauriersb.vortexdev.com\/fr\/gouvernance\/","title":{"rendered":"Gouvernance"},"content":{"rendered":"\n<h2 class=\"wp-block-heading\">R\u00e9unions du Conseil d\u2019\u00e9tablissement 2023-2024<\/h2>\n\n\n\n<p>Veuillez noter que toutes les r\u00e9unions ont lieu dans la salle du personnel de l\u2019Acad\u00e9mie Hillcrest \u00e0 19h00<\/p>\n\n\n\n<p><strong><u>Dates des r\u00e9unions<\/u><\/strong><\/p>\n\n\n\n<p>AGA 7&nbsp;septembre&nbsp;2023<\/p>\n\n\n\n<p>5&nbsp;octobre&nbsp;2023<\/p>\n\n\n\n<p>14&nbsp;novembre&nbsp;2023<\/p>\n\n\n\n<p>23&nbsp;janvier&nbsp;2024<\/p>\n\n\n\n<p>14&nbsp;mars&nbsp;2024<\/p>\n\n\n\n<p>9&nbsp;avril&nbsp;2024<\/p>\n\n\n\n<p>14&nbsp;mai&nbsp;2024<\/p>\n\n\n\n<p>11&nbsp;juin&nbsp;2024<\/p>\n\n\n\n<h2 class=\"wp-block-heading\">Membres du Conseil d\u2019\u00e9tablissement 2023-2024<\/h2>\n\n\n\n<p><strong><u>Personnel enseignant<\/u><\/strong><\/p>\n\n\n\n<p>Nathalie Dranitsaris<\/p>\n\n\n\n<p>Valerie Guindi<\/p>\n\n\n\n<p>Alexander Hetu<\/p>\n\n\n\n<p>Jennifer Klein<\/p>\n\n\n\n<p><strong><u>Personnel de soutien<\/u><\/strong><\/p>\n\n\n\n<p>Lella Georgakis (repr\u00e9sentante du service de garde)<\/p>\n\n\n\n<p>Marlene Knox (repr\u00e9sentante communautaire)<\/p>\n\n\n\n<p><strong><u>Parents<\/u><\/strong><\/p>\n\n\n\n<p>Tania Creswell (pr\u00e9sidente)<\/p>\n\n\n\n<p>Patrick Cristofaro (vice-pr\u00e9sident)<\/p>\n\n\n\n<p>Peter Moschonas (d\u00e9l\u00e9gu\u00e9 des parents)<\/p>\n\n\n\n<p>Steve Tobin (d\u00e9l\u00e9gu\u00e9 parent suppl\u00e9ant)<\/p>\n\n\n\n<p>Sylva Yapoudjian<\/p>\n\n\n\n<p>Jeffrey Drake<\/p>\n\n\n\n<p><strong><u>Rempla\u00e7ants<\/u><\/strong><\/p>\n\n\n\n<p>Matthew Krawczyk<\/p>\n\n\n\n<p>Jennifer Maselli<\/p>\n\n\n\n<p>M\u2019hamed Tazi<\/p>\n","protected":false},"excerpt":{"rendered":"<p>R\u00e9unions du Conseil d\u2019\u00e9tablissement 2023-2024 Veuillez noter que toutes les r\u00e9unions ont lieu dans la salle du personnel de l\u2019Acad\u00e9mie Hillcrest \u00e0 19h00 Dates des r\u00e9unions AGA 7&nbsp;septembre&nbsp;2023 5&nbsp;octobre&nbsp;2023 14&nbsp;novembre&nbsp;2023 23&nbsp;janvier&nbsp;2024 14&nbsp;mars&nbsp;2024 9&nbsp;avril&nbsp;2024 14&nbsp;mai&nbsp;2024 11&nbsp;juin&nbsp;2024 Membres du Conseil d\u2019\u00e9tablissement 2023-2024 Personnel enseignant Nathalie Dranitsaris Valerie Guindi Alexander Hetu Jennifer Klein Personnel de soutien Lella Georgakis&hellip;<\/p>\n","protected":false},"author":1,"featured_media":0,"parent":0,"menu_order":0,"comment_status":"closed","ping_status":"closed","template":"","meta":{"_acf_changed":false,"_relevanssi_hide_post":"","_relevanssi_hide_content":"","_relevanssi_pin_for_all":"","_relevanssi_pin_keywords":"","_relevanssi_unpin_keywords":"","_relevanssi_related_keywords":"","_relevanssi_related_include_ids":"","_relevanssi_related_exclude_ids":"","_relevanssi_related_no_append":"","_relevanssi_related_not_related":"","_relevanssi_related_posts":"","_relevanssi_noindex_reason":"","footnotes":""},"acf":[],"_links":{"self":[{"href":"https:\/\/hillcrestacademy.swlauriersb.vortexdev.com\/fr\/wp-json\/wp\/v2\/pages\/302"}],"collection":[{"href":"https:\/\/hillcrestacademy.swlauriersb.vortexdev.com\/fr\/wp-json\/wp\/v2\/pages"}],"about":[{"href":"https:\/\/hillcrestacademy.swlauriersb.vortexdev.com\/fr\/wp-json\/wp\/v2\/types\/page"}],"author":[{"embeddable":true,"href":"https:\/\/hillcrestacademy.swlauriersb.vortexdev.com\/fr\/wp-json\/wp\/v2\/users\/1"}],"replies":[{"embeddable":true,"href":"https:\/\/hillcrestacademy.swlauriersb.vortexdev.com\/fr\/wp-json\/wp\/v2\/comments?post=302"}],"version-history":[{"count":2,"href":"https:\/\/hillcrestacademy.swlauriersb.vortexdev.com\/fr\/wp-json\/wp\/v2\/pages\/302\/revisions"}],"predecessor-version":[{"id":443,"href":"https:\/\/hillcrestacademy.swlauriersb.vortexdev.com\/fr\/wp-json\/wp\/v2\/pages\/302\/revisions\/443"}],"wp:attachment":[{"href":"https:\/\/hillcrestacademy.swlauriersb.vortexdev.com\/fr\/wp-json\/wp\/v2\/media?parent=302"}],"curies":[{"name":"wp","href":"https:\/\/api.w.org\/{rel}","templated":true}]}}